{"id":3566,"date":"2023-04-03T15:39:30","date_gmt":"2023-04-03T13:39:30","guid":{"rendered":"https:\/\/jaleomadrid.com\/?page_id=3566"},"modified":"2024-07-16T12:03:08","modified_gmt":"2024-07-16T10:03:08","slug":"free-level-spanish-test","status":"publish","type":"page","link":"https:\/\/jaleomadrid.com\/es\/free-level-spanish-test\/","title":{"rendered":"Prueba de Nivel de Espa\u00f1ol Gratuita"},"content":{"rendered":"<div data-elementor-type=\"wp-page\" data-elementor-id=\"3566\" class=\"elementor elementor-3566\" data-elementor-post-type=\"page\">\n\t\t\t\t\t\t<section class=\"elementor-section elementor-top-section elementor-element elementor-element-fd1c2d8 elementor-section-boxed elementor-section-height-default elementor-section-height-default\" data-id=\"fd1c2d8\" data-element_type=\"section\" data-e-type=\"section\">\n\t\t\t\t\t\t<div class=\"elementor-container elementor-column-gap-default\">\n\t\t\t\t\t<div class=\"elementor-column elementor-col-100 elementor-top-column elementor-element elementor-element-1620650\" data-id=\"1620650\" data-element_type=\"column\" data-e-type=\"column\">\n\t\t\t<div class=\"elementor-widget-wrap elementor-element-populated\">\n\t\t\t\t\t\t<div class=\"elementor-element elementor-element-9f48ff3 elementor-widget elementor-widget-html\" data-id=\"9f48ff3\" data-element_type=\"widget\" data-e-type=\"widget\" data-widget_type=\"html.default\">\n\t\t\t\t<div class=\"elementor-widget-container\">\n\t\t\t\t\t<div data-tf-widget=\"JHEK48\" data-tf-opacity=\"100\" data-tf-iframe-props=\"title=Jaleo Madrid Spanish Level Test\" data-tf-transitive-search-params data-tf-disable-scroll data-tf-auto-resize data-tf-medium=\"snippet\" style=\"width:100%;height:500px;\"><\/div><script src=\"\/\/embed.typeform.com\/next\/embed.js\"><\/script>\t\t\t\t<\/div>\n\t\t\t\t<\/div>\n\t\t\t\t\t<\/div>\n\t\t<\/div>\n\t\t\t\t\t<\/div>\n\t\t<\/section>\n\t\t\t\t<\/div>","protected":false},"excerpt":{"rendered":"<p>Empieza tu viaje de aprendizaje de idiomas con buen pie con la prueba de nivel de espa\u00f1ol gratuita de Jaleo School. Descubre tu nivel de espa\u00f1ol ahora<\/p>","protected":false},"author":2,"featured_media":4300,"parent":0,"menu_order":0,"comment_status":"closed","ping_status":"closed","template":"elementor_canvas","meta":{"inline_featured_image":false,"footnotes":""},"class_list":["post-3566","page","type-page","status-publish","has-post-thumbnail","hentry"],"yoast_head":"<!-- This site is optimized with the Yoast SEO plugin v27.3 - https:\/\/yoast.com\/product\/yoast-seo-wordpress\/ -->\n<title>Evaluate Your Spanish Proficiency: Do our Free Online Level Test<\/title>\n<meta name=\"description\" content=\"Start your language-learning journey on the right foot with Jaleo School&#039;s free Spanish level test. Uncover your language level now\" \/>\n<meta name=\"robots\" content=\"index, follow, max-snippet:-1, max-image-preview:large, max-video-preview:-1\" \/>\n<link rel=\"canonical\" href=\"https:\/\/jaleomadrid.com\/es\/free-level-spanish-test\/\" \/>\n<meta property=\"og:locale\" content=\"es_ES\" \/>\n<meta property=\"og:type\" content=\"article\" \/>\n<meta property=\"og:title\" content=\"Evaluate Your Spanish Proficiency: Do our Free Online Level Test\" \/>\n<meta property=\"og:description\" content=\"tart your language-learning journey on the right foot with Jaleo School&#039;s free Spanish level test. Uncover your language level now\" \/>\n<meta property=\"og:url\" content=\"https:\/\/jaleomadrid.com\/es\/free-level-spanish-test\/\" \/>\n<meta property=\"og:site_name\" content=\"Jaleo Madrid Spanish School\" \/>\n<meta property=\"article:publisher\" content=\"https:\/\/www.facebook.com\/JaleoMad\" \/>\n<meta property=\"article:modified_time\" content=\"2024-07-16T10:03:08+00:00\" \/>\n<meta property=\"og:image\" content=\"https:\/\/jaleomadrid.com\/wp-content\/uploads\/2023\/07\/free-spanish-level-test.jpg\" \/>\n\t<meta property=\"og:image:width\" content=\"1200\" \/>\n\t<meta property=\"og:image:height\" content=\"800\" \/>\n\t<meta property=\"og:image:type\" content=\"image\/jpeg\" \/>\n<meta name=\"twitter:card\" content=\"summary_large_image\" \/>\n<meta name=\"twitter:title\" content=\"Evaluate Your Spanish Proficiency: Do our Free Online Level Test\" \/>\n<meta name=\"twitter:description\" content=\"tart your language-learning journey on the right foot with Jaleo School&#039;s free Spanish level test. Uncover your language level now\" \/>\n<meta name=\"twitter:image\" content=\"https:\/\/jaleomadrid.com\/wp-content\/uploads\/2023\/07\/free-spanish-level-test.jpg\" \/>\n<meta name=\"twitter:site\" content=\"@Jaleo_Madrid\" \/>\n<meta name=\"twitter:label1\" content=\"Tiempo de lectura\" \/>\n\t<meta name=\"twitter:data1\" content=\"1 minuto\" \/>\n<script type=\"application\/ld+json\" class=\"yoast-schema-graph\">{\"@context\":\"https:\\\/\\\/schema.org\",\"@graph\":[{\"@type\":\"WebPage\",\"@id\":\"https:\\\/\\\/jaleomadrid.com\\\/free-level-spanish-test\\\/\",\"url\":\"https:\\\/\\\/jaleomadrid.com\\\/free-level-spanish-test\\\/\",\"name\":\"Evaluate Your Spanish Proficiency: Do our Free Online Level Test\",\"isPartOf\":{\"@id\":\"https:\\\/\\\/jaleomadrid.com\\\/#website\"},\"primaryImageOfPage\":{\"@id\":\"https:\\\/\\\/jaleomadrid.com\\\/free-level-spanish-test\\\/#primaryimage\"},\"image\":{\"@id\":\"https:\\\/\\\/jaleomadrid.com\\\/free-level-spanish-test\\\/#primaryimage\"},\"thumbnailUrl\":\"https:\\\/\\\/jaleomadrid.com\\\/wp-content\\\/uploads\\\/2023\\\/07\\\/free-spanish-level-test.jpg\",\"datePublished\":\"2023-04-03T13:39:30+00:00\",\"dateModified\":\"2024-07-16T10:03:08+00:00\",\"description\":\"Start your language-learning journey on the right foot with Jaleo School's free Spanish level test. Uncover your language level now\",\"breadcrumb\":{\"@id\":\"https:\\\/\\\/jaleomadrid.com\\\/free-level-spanish-test\\\/#breadcrumb\"},\"inLanguage\":\"es\",\"potentialAction\":[{\"@type\":\"ReadAction\",\"target\":[\"https:\\\/\\\/jaleomadrid.com\\\/free-level-spanish-test\\\/\"]}]},{\"@type\":\"ImageObject\",\"inLanguage\":\"es\",\"@id\":\"https:\\\/\\\/jaleomadrid.com\\\/free-level-spanish-test\\\/#primaryimage\",\"url\":\"https:\\\/\\\/jaleomadrid.com\\\/wp-content\\\/uploads\\\/2023\\\/07\\\/free-spanish-level-test.jpg\",\"contentUrl\":\"https:\\\/\\\/jaleomadrid.com\\\/wp-content\\\/uploads\\\/2023\\\/07\\\/free-spanish-level-test.jpg\",\"width\":1200,\"height\":800,\"caption\":\"Free Spanish Level Test\"},{\"@type\":\"BreadcrumbList\",\"@id\":\"https:\\\/\\\/jaleomadrid.com\\\/free-level-spanish-test\\\/#breadcrumb\",\"itemListElement\":[{\"@type\":\"ListItem\",\"position\":1,\"name\":\"Home\",\"item\":\"https:\\\/\\\/jaleomadrid.com\\\/\"},{\"@type\":\"ListItem\",\"position\":2,\"name\":\"Free Level Spanish Test\"}]},{\"@type\":\"WebSite\",\"@id\":\"https:\\\/\\\/jaleomadrid.com\\\/#website\",\"url\":\"https:\\\/\\\/jaleomadrid.com\\\/\",\"name\":\"Jaleo Madrid Spanish School\",\"description\":\"A Spanish School Founded by Spanish Teachers\",\"publisher\":{\"@id\":\"https:\\\/\\\/jaleomadrid.com\\\/#organization\"},\"potentialAction\":[{\"@type\":\"SearchAction\",\"target\":{\"@type\":\"EntryPoint\",\"urlTemplate\":\"https:\\\/\\\/jaleomadrid.com\\\/?s={search_term_string}\"},\"query-input\":{\"@type\":\"PropertyValueSpecification\",\"valueRequired\":true,\"valueName\":\"search_term_string\"}}],\"inLanguage\":\"es\"},{\"@type\":\"Organization\",\"@id\":\"https:\\\/\\\/jaleomadrid.com\\\/#organization\",\"name\":\"Jaleo Madrid Spanish School\",\"url\":\"https:\\\/\\\/jaleomadrid.com\\\/\",\"logo\":{\"@type\":\"ImageObject\",\"inLanguage\":\"es\",\"@id\":\"https:\\\/\\\/jaleomadrid.com\\\/#\\\/schema\\\/logo\\\/image\\\/\",\"url\":\"https:\\\/\\\/jaleomadrid.com\\\/wp-content\\\/uploads\\\/2023\\\/03\\\/logotipo-jaleo-madrid-spanish-school-square.jpg\",\"contentUrl\":\"https:\\\/\\\/jaleomadrid.com\\\/wp-content\\\/uploads\\\/2023\\\/03\\\/logotipo-jaleo-madrid-spanish-school-square.jpg\",\"width\":1000,\"height\":1000,\"caption\":\"Jaleo Madrid Spanish School\"},\"image\":{\"@id\":\"https:\\\/\\\/jaleomadrid.com\\\/#\\\/schema\\\/logo\\\/image\\\/\"},\"sameAs\":[\"https:\\\/\\\/www.facebook.com\\\/JaleoMad\",\"https:\\\/\\\/x.com\\\/Jaleo_Madrid\",\"https:\\\/\\\/www.instagram.com\\\/jaleo_madrid\\\/\",\"https:\\\/\\\/www.youtube.com\\\/channel\\\/UC7eSC6efjfRPuuawyJv-1mA\"]}]}<\/script>\n<!-- \/ Yoast SEO plugin. -->","yoast_head_json":{"title":"Eval\u00fae su nivel de espa\u00f1ol: Haga nuestra prueba de nivel gratuita en l\u00ednea","description":"Comienza tu viaje de aprendizaje de idiomas con buen pie con la prueba de nivel de espa\u00f1ol gratuita de Jaleo School. Descubre tu nivel de espa\u00f1ol ahora","robots":{"index":"index","follow":"follow","max-snippet":"max-snippet:-1","max-image-preview":"max-image-preview:large","max-video-preview":"max-video-preview:-1"},"canonical":"https:\/\/jaleomadrid.com\/es\/free-level-spanish-test\/","og_locale":"es_ES","og_type":"article","og_title":"Evaluate Your Spanish Proficiency: Do our Free Online Level Test","og_description":"tart your language-learning journey on the right foot with Jaleo School's free Spanish level test. Uncover your language level now","og_url":"https:\/\/jaleomadrid.com\/es\/free-level-spanish-test\/","og_site_name":"Jaleo Madrid Spanish School","article_publisher":"https:\/\/www.facebook.com\/JaleoMad","article_modified_time":"2024-07-16T10:03:08+00:00","og_image":[{"width":1200,"height":800,"url":"https:\/\/jaleomadrid.com\/wp-content\/uploads\/2023\/07\/free-spanish-level-test.jpg","type":"image\/jpeg"}],"twitter_card":"summary_large_image","twitter_title":"Evaluate Your Spanish Proficiency: Do our Free Online Level Test","twitter_description":"tart your language-learning journey on the right foot with Jaleo School's free Spanish level test. Uncover your language level now","twitter_image":"https:\/\/jaleomadrid.com\/wp-content\/uploads\/2023\/07\/free-spanish-level-test.jpg","twitter_site":"@Jaleo_Madrid","twitter_misc":{"Tiempo de lectura":"1 minuto"},"schema":{"@context":"https:\/\/schema.org","@graph":[{"@type":"WebPage","@id":"https:\/\/jaleomadrid.com\/free-level-spanish-test\/","url":"https:\/\/jaleomadrid.com\/free-level-spanish-test\/","name":"Eval\u00fae su nivel de espa\u00f1ol: Haga nuestra prueba de nivel gratuita en l\u00ednea","isPartOf":{"@id":"https:\/\/jaleomadrid.com\/#website"},"primaryImageOfPage":{"@id":"https:\/\/jaleomadrid.com\/free-level-spanish-test\/#primaryimage"},"image":{"@id":"https:\/\/jaleomadrid.com\/free-level-spanish-test\/#primaryimage"},"thumbnailUrl":"https:\/\/jaleomadrid.com\/wp-content\/uploads\/2023\/07\/free-spanish-level-test.jpg","datePublished":"2023-04-03T13:39:30+00:00","dateModified":"2024-07-16T10:03:08+00:00","description":"Comienza tu viaje de aprendizaje de idiomas con buen pie con la prueba de nivel de espa\u00f1ol gratuita de Jaleo School. Descubre tu nivel de espa\u00f1ol ahora","breadcrumb":{"@id":"https:\/\/jaleomadrid.com\/free-level-spanish-test\/#breadcrumb"},"inLanguage":"es","potentialAction":[{"@type":"ReadAction","target":["https:\/\/jaleomadrid.com\/free-level-spanish-test\/"]}]},{"@type":"ImageObject","inLanguage":"es","@id":"https:\/\/jaleomadrid.com\/free-level-spanish-test\/#primaryimage","url":"https:\/\/jaleomadrid.com\/wp-content\/uploads\/2023\/07\/free-spanish-level-test.jpg","contentUrl":"https:\/\/jaleomadrid.com\/wp-content\/uploads\/2023\/07\/free-spanish-level-test.jpg","width":1200,"height":800,"caption":"Free Spanish Level Test"},{"@type":"BreadcrumbList","@id":"https:\/\/jaleomadrid.com\/free-level-spanish-test\/#breadcrumb","itemListElement":[{"@type":"ListItem","position":1,"name":"Home","item":"https:\/\/jaleomadrid.com\/"},{"@type":"ListItem","position":2,"name":"Free Level Spanish Test"}]},{"@type":"WebSite","@id":"https:\/\/jaleomadrid.com\/#website","url":"https:\/\/jaleomadrid.com\/","name":"Jaleo Madrid Escuela de Espa\u00f1ol","description":"Una escuela de espa\u00f1ol fundada por profesores de espa\u00f1ol","publisher":{"@id":"https:\/\/jaleomadrid.com\/#organization"},"potentialAction":[{"@type":"SearchAction","target":{"@type":"EntryPoint","urlTemplate":"https:\/\/jaleomadrid.com\/?s={search_term_string}"},"query-input":{"@type":"PropertyValueSpecification","valueRequired":true,"valueName":"search_term_string"}}],"inLanguage":"es"},{"@type":"Organization","@id":"https:\/\/jaleomadrid.com\/#organization","name":"Jaleo Madrid Escuela de Espa\u00f1ol","url":"https:\/\/jaleomadrid.com\/","logo":{"@type":"ImageObject","inLanguage":"es","@id":"https:\/\/jaleomadrid.com\/#\/schema\/logo\/image\/","url":"https:\/\/jaleomadrid.com\/wp-content\/uploads\/2023\/03\/logotipo-jaleo-madrid-spanish-school-square.jpg","contentUrl":"https:\/\/jaleomadrid.com\/wp-content\/uploads\/2023\/03\/logotipo-jaleo-madrid-spanish-school-square.jpg","width":1000,"height":1000,"caption":"Jaleo Madrid Spanish School"},"image":{"@id":"https:\/\/jaleomadrid.com\/#\/schema\/logo\/image\/"},"sameAs":["https:\/\/www.facebook.com\/JaleoMad","https:\/\/x.com\/Jaleo_Madrid","https:\/\/www.instagram.com\/jaleo_madrid\/","https:\/\/www.youtube.com\/channel\/UC7eSC6efjfRPuuawyJv-1mA"]}]}},"_links":{"self":[{"href":"https:\/\/jaleomadrid.com\/es\/wp-json\/wp\/v2\/pages\/3566","targetHints":{"allow":["GET"]}}],"collection":[{"href":"https:\/\/jaleomadrid.com\/es\/wp-json\/wp\/v2\/pages"}],"about":[{"href":"https:\/\/jaleomadrid.com\/es\/wp-json\/wp\/v2\/types\/page"}],"author":[{"embeddable":true,"href":"https:\/\/jaleomadrid.com\/es\/wp-json\/wp\/v2\/users\/2"}],"replies":[{"embeddable":true,"href":"https:\/\/jaleomadrid.com\/es\/wp-json\/wp\/v2\/comments?post=3566"}],"version-history":[{"count":22,"href":"https:\/\/jaleomadrid.com\/es\/wp-json\/wp\/v2\/pages\/3566\/revisions"}],"predecessor-version":[{"id":5245,"href":"https:\/\/jaleomadrid.com\/es\/wp-json\/wp\/v2\/pages\/3566\/revisions\/5245"}],"wp:featuredmedia":[{"embeddable":true,"href":"https:\/\/jaleomadrid.com\/es\/wp-json\/wp\/v2\/media\/4300"}],"wp:attachment":[{"href":"https:\/\/jaleomadrid.com\/es\/wp-json\/wp\/v2\/media?parent=3566"}],"curies":[{"name":"wp","href":"https:\/\/api.w.org\/{rel}","templated":true}]}}