{"id":7234,"date":"2025-11-19T14:32:20","date_gmt":"2025-11-19T13:32:20","guid":{"rendered":"https:\/\/jaleomadrid.com\/?post_type=product&#038;p=7234"},"modified":"2026-03-16T14:41:50","modified_gmt":"2026-03-16T13:41:50","slug":"intensive-group-spanish-course","status":"publish","type":"product","link":"https:\/\/jaleomadrid.com\/es\/product\/intensive-group-spanish-course\/","title":{"rendered":"Curso intensivo de espa\u00f1ol en grupo"},"content":{"rendered":"","protected":false},"excerpt":{"rendered":"<p>Precio por semana. Elige tu plan (1\u20135 semanas o 6+ semanas), la variante y el horario. Luego selecciona el n\u00famero de semanas en el control de cantidad.<\/p>","protected":false},"featured_media":7264,"template":"","meta":{"inline_featured_image":false},"product_brand":[],"product_cat":[20],"product_tag":[],"class_list":{"0":"post-7234","1":"product","2":"type-product","3":"status-publish","4":"has-post-thumbnail","6":"product_cat-sin-categorizar","8":"first","9":"instock","10":"sale","11":"sold-individually","12":"shipping-taxable","13":"purchasable","14":"product-type-variable"},"yoast_head":"<!-- This site is optimized with the Yoast SEO plugin v27.4 - https:\/\/yoast.com\/product\/yoast-seo-wordpress\/ -->\n<title>Intensive Group Spanish Course - Jaleo Madrid Spanish School<\/title>\n<meta name=\"robots\" content=\"index, follow, max-snippet:-1, max-image-preview:large, max-video-preview:-1\" \/>\n<link rel=\"canonical\" href=\"https:\/\/jaleomadrid.com\/es\/intensive-courses\/\" \/>\n<meta property=\"og:locale\" content=\"es_ES\" \/>\n<meta property=\"og:type\" content=\"article\" \/>\n<meta property=\"og:title\" content=\"Intensive Group Spanish Course - Jaleo Madrid Spanish School\" \/>\n<meta property=\"og:description\" content=\"Price per week. Choose your plan (1\u20135 weeks or 6+ weeks), variant, and time slot. Then select number of weeks in the quantity control.\" \/>\n<meta property=\"og:url\" content=\"https:\/\/jaleomadrid.com\/es\/intensive-courses\/\" \/>\n<meta property=\"og:site_name\" content=\"Jaleo Madrid Spanish School\" \/>\n<meta property=\"article:publisher\" content=\"https:\/\/www.facebook.com\/JaleoMad\" \/>\n<meta property=\"article:modified_time\" content=\"2026-03-16T13:41:50+00:00\" \/>\n<meta property=\"og:image\" content=\"https:\/\/jaleomadrid.com\/wp-content\/uploads\/2025\/11\/intensive-spanish-courses-at-jaleo-madrid.jpg.webp\" \/>\n\t<meta property=\"og:image:width\" content=\"895\" \/>\n\t<meta property=\"og:image:height\" content=\"672\" \/>\n\t<meta property=\"og:image:type\" content=\"image\/webp\" \/>\n<meta name=\"twitter:card\" content=\"summary_large_image\" \/>\n<meta name=\"twitter:site\" content=\"@Jaleo_Madrid\" \/>\n<meta name=\"twitter:label1\" content=\"Tiempo de lectura\" \/>\n\t<meta name=\"twitter:data1\" content=\"1 minuto\" \/>\n<script type=\"application\/ld+json\" class=\"yoast-schema-graph\">{\"@context\":\"https:\\\/\\\/schema.org\",\"@graph\":[{\"@type\":\"WebPage\",\"@id\":\"https:\\\/\\\/jaleomadrid.com\\\/product\\\/intensive-group-spanish-course\\\/\",\"url\":\"https:\\\/\\\/jaleomadrid.com\\\/intensive-courses\\\/\",\"name\":\"Intensive Group Spanish Course - Jaleo Madrid Spanish School\",\"isPartOf\":{\"@id\":\"https:\\\/\\\/jaleomadrid.com\\\/#website\"},\"primaryImageOfPage\":{\"@id\":\"https:\\\/\\\/jaleomadrid.com\\\/intensive-courses\\\/#primaryimage\"},\"image\":{\"@id\":\"https:\\\/\\\/jaleomadrid.com\\\/intensive-courses\\\/#primaryimage\"},\"thumbnailUrl\":\"https:\\\/\\\/jaleomadrid.com\\\/wp-content\\\/uploads\\\/2025\\\/11\\\/intensive-spanish-courses-at-jaleo-madrid.jpg.webp\",\"datePublished\":\"2025-11-19T13:32:20+00:00\",\"dateModified\":\"2026-03-16T13:41:50+00:00\",\"breadcrumb\":{\"@id\":\"https:\\\/\\\/jaleomadrid.com\\\/intensive-courses\\\/#breadcrumb\"},\"inLanguage\":\"es\",\"potentialAction\":[{\"@type\":\"ReadAction\",\"target\":[\"https:\\\/\\\/jaleomadrid.com\\\/intensive-courses\\\/\"]}]},{\"@type\":\"ImageObject\",\"inLanguage\":\"es\",\"@id\":\"https:\\\/\\\/jaleomadrid.com\\\/intensive-courses\\\/#primaryimage\",\"url\":\"https:\\\/\\\/jaleomadrid.com\\\/wp-content\\\/uploads\\\/2025\\\/11\\\/intensive-spanish-courses-at-jaleo-madrid.jpg.webp\",\"contentUrl\":\"https:\\\/\\\/jaleomadrid.com\\\/wp-content\\\/uploads\\\/2025\\\/11\\\/intensive-spanish-courses-at-jaleo-madrid.jpg.webp\",\"width\":895,\"height\":672},{\"@type\":\"BreadcrumbList\",\"@id\":\"https:\\\/\\\/jaleomadrid.com\\\/intensive-courses\\\/#breadcrumb\",\"itemListElement\":[{\"@type\":\"ListItem\",\"position\":1,\"name\":\"Home\",\"item\":\"https:\\\/\\\/jaleomadrid.com\\\/\"},{\"@type\":\"ListItem\",\"position\":2,\"name\":\"Shop\",\"item\":\"https:\\\/\\\/jaleomadrid.com\\\/shop\\\/\"},{\"@type\":\"ListItem\",\"position\":3,\"name\":\"Intensive Group Spanish Course\"}]},{\"@type\":\"WebSite\",\"@id\":\"https:\\\/\\\/jaleomadrid.com\\\/#website\",\"url\":\"https:\\\/\\\/jaleomadrid.com\\\/\",\"name\":\"Jaleo Madrid Spanish School\",\"description\":\"A Spanish School Founded by Spanish Teachers\",\"publisher\":{\"@id\":\"https:\\\/\\\/jaleomadrid.com\\\/#organization\"},\"potentialAction\":[{\"@type\":\"SearchAction\",\"target\":{\"@type\":\"EntryPoint\",\"urlTemplate\":\"https:\\\/\\\/jaleomadrid.com\\\/?s={search_term_string}\"},\"query-input\":{\"@type\":\"PropertyValueSpecification\",\"valueRequired\":true,\"valueName\":\"search_term_string\"}}],\"inLanguage\":\"es\"},{\"@type\":\"Organization\",\"@id\":\"https:\\\/\\\/jaleomadrid.com\\\/#organization\",\"name\":\"Jaleo Madrid Spanish School\",\"url\":\"https:\\\/\\\/jaleomadrid.com\\\/\",\"logo\":{\"@type\":\"ImageObject\",\"inLanguage\":\"es\",\"@id\":\"https:\\\/\\\/jaleomadrid.com\\\/#\\\/schema\\\/logo\\\/image\\\/\",\"url\":\"https:\\\/\\\/jaleomadrid.com\\\/wp-content\\\/uploads\\\/2023\\\/03\\\/logotipo-jaleo-madrid-spanish-school-square.jpg\",\"contentUrl\":\"https:\\\/\\\/jaleomadrid.com\\\/wp-content\\\/uploads\\\/2023\\\/03\\\/logotipo-jaleo-madrid-spanish-school-square.jpg\",\"width\":1000,\"height\":1000,\"caption\":\"Jaleo Madrid Spanish School\"},\"image\":{\"@id\":\"https:\\\/\\\/jaleomadrid.com\\\/#\\\/schema\\\/logo\\\/image\\\/\"},\"sameAs\":[\"https:\\\/\\\/www.facebook.com\\\/JaleoMad\",\"https:\\\/\\\/x.com\\\/Jaleo_Madrid\",\"https:\\\/\\\/www.instagram.com\\\/jaleo_madrid\\\/\",\"https:\\\/\\\/www.youtube.com\\\/channel\\\/UC7eSC6efjfRPuuawyJv-1mA\"]}]}<\/script>\n<!-- \/ Yoast SEO plugin. -->","yoast_head_json":{"title":"Intensive Group Spanish Course - Jaleo Madrid Spanish School","robots":{"index":"index","follow":"follow","max-snippet":"max-snippet:-1","max-image-preview":"max-image-preview:large","max-video-preview":"max-video-preview:-1"},"canonical":"https:\/\/jaleomadrid.com\/es\/intensive-courses\/","og_locale":"es_ES","og_type":"article","og_title":"Intensive Group Spanish Course - Jaleo Madrid Spanish School","og_description":"Price per week. Choose your plan (1\u20135 weeks or 6+ weeks), variant, and time slot. Then select number of weeks in the quantity control.","og_url":"https:\/\/jaleomadrid.com\/es\/intensive-courses\/","og_site_name":"Jaleo Madrid Spanish School","article_publisher":"https:\/\/www.facebook.com\/JaleoMad","article_modified_time":"2026-03-16T13:41:50+00:00","og_image":[{"width":895,"height":672,"url":"https:\/\/jaleomadrid.com\/wp-content\/uploads\/2025\/11\/intensive-spanish-courses-at-jaleo-madrid.jpg.webp","type":"image\/webp"}],"twitter_card":"summary_large_image","twitter_site":"@Jaleo_Madrid","twitter_misc":{"Tiempo de lectura":"1 minuto"},"schema":{"@context":"https:\/\/schema.org","@graph":[{"@type":"WebPage","@id":"https:\/\/jaleomadrid.com\/product\/intensive-group-spanish-course\/","url":"https:\/\/jaleomadrid.com\/intensive-courses\/","name":"Intensive Group Spanish Course - Jaleo Madrid Spanish School","isPartOf":{"@id":"https:\/\/jaleomadrid.com\/#website"},"primaryImageOfPage":{"@id":"https:\/\/jaleomadrid.com\/intensive-courses\/#primaryimage"},"image":{"@id":"https:\/\/jaleomadrid.com\/intensive-courses\/#primaryimage"},"thumbnailUrl":"https:\/\/jaleomadrid.com\/wp-content\/uploads\/2025\/11\/intensive-spanish-courses-at-jaleo-madrid.jpg.webp","datePublished":"2025-11-19T13:32:20+00:00","dateModified":"2026-03-16T13:41:50+00:00","breadcrumb":{"@id":"https:\/\/jaleomadrid.com\/intensive-courses\/#breadcrumb"},"inLanguage":"es","potentialAction":[{"@type":"ReadAction","target":["https:\/\/jaleomadrid.com\/intensive-courses\/"]}]},{"@type":"ImageObject","inLanguage":"es","@id":"https:\/\/jaleomadrid.com\/intensive-courses\/#primaryimage","url":"https:\/\/jaleomadrid.com\/wp-content\/uploads\/2025\/11\/intensive-spanish-courses-at-jaleo-madrid.jpg.webp","contentUrl":"https:\/\/jaleomadrid.com\/wp-content\/uploads\/2025\/11\/intensive-spanish-courses-at-jaleo-madrid.jpg.webp","width":895,"height":672},{"@type":"BreadcrumbList","@id":"https:\/\/jaleomadrid.com\/intensive-courses\/#breadcrumb","itemListElement":[{"@type":"ListItem","position":1,"name":"Home","item":"https:\/\/jaleomadrid.com\/"},{"@type":"ListItem","position":2,"name":"Shop","item":"https:\/\/jaleomadrid.com\/shop\/"},{"@type":"ListItem","position":3,"name":"Intensive Group Spanish Course"}]},{"@type":"WebSite","@id":"https:\/\/jaleomadrid.com\/#website","url":"https:\/\/jaleomadrid.com\/","name":"Jaleo Madrid Escuela de Espa\u00f1ol","description":"Una escuela de espa\u00f1ol fundada por profesores de espa\u00f1ol","publisher":{"@id":"https:\/\/jaleomadrid.com\/#organization"},"potentialAction":[{"@type":"SearchAction","target":{"@type":"EntryPoint","urlTemplate":"https:\/\/jaleomadrid.com\/?s={search_term_string}"},"query-input":{"@type":"PropertyValueSpecification","valueRequired":true,"valueName":"search_term_string"}}],"inLanguage":"es"},{"@type":"Organization","@id":"https:\/\/jaleomadrid.com\/#organization","name":"Jaleo Madrid Escuela de Espa\u00f1ol","url":"https:\/\/jaleomadrid.com\/","logo":{"@type":"ImageObject","inLanguage":"es","@id":"https:\/\/jaleomadrid.com\/#\/schema\/logo\/image\/","url":"https:\/\/jaleomadrid.com\/wp-content\/uploads\/2023\/03\/logotipo-jaleo-madrid-spanish-school-square.jpg","contentUrl":"https:\/\/jaleomadrid.com\/wp-content\/uploads\/2023\/03\/logotipo-jaleo-madrid-spanish-school-square.jpg","width":1000,"height":1000,"caption":"Jaleo Madrid Spanish School"},"image":{"@id":"https:\/\/jaleomadrid.com\/#\/schema\/logo\/image\/"},"sameAs":["https:\/\/www.facebook.com\/JaleoMad","https:\/\/x.com\/Jaleo_Madrid","https:\/\/www.instagram.com\/jaleo_madrid\/","https:\/\/www.youtube.com\/channel\/UC7eSC6efjfRPuuawyJv-1mA"]}]}},"_links":{"self":[{"href":"https:\/\/jaleomadrid.com\/es\/wp-json\/wp\/v2\/product\/7234","targetHints":{"allow":["GET"]}}],"collection":[{"href":"https:\/\/jaleomadrid.com\/es\/wp-json\/wp\/v2\/product"}],"about":[{"href":"https:\/\/jaleomadrid.com\/es\/wp-json\/wp\/v2\/types\/product"}],"wp:featuredmedia":[{"embeddable":true,"href":"https:\/\/jaleomadrid.com\/es\/wp-json\/wp\/v2\/media\/7264"}],"wp:attachment":[{"href":"https:\/\/jaleomadrid.com\/es\/wp-json\/wp\/v2\/media?parent=7234"}],"wp:term":[{"taxonomy":"product_brand","embeddable":true,"href":"https:\/\/jaleomadrid.com\/es\/wp-json\/wp\/v2\/product_brand?post=7234"},{"taxonomy":"product_cat","embeddable":true,"href":"https:\/\/jaleomadrid.com\/es\/wp-json\/wp\/v2\/product_cat?post=7234"},{"taxonomy":"product_tag","embeddable":true,"href":"https:\/\/jaleomadrid.com\/es\/wp-json\/wp\/v2\/product_tag?post=7234"}],"curies":[{"name":"wp","href":"https:\/\/api.w.org\/{rel}","templated":true}]}}