{"id":7246,"date":"2025-11-19T14:32:20","date_gmt":"2025-11-19T13:32:20","guid":{"rendered":"https:\/\/jaleomadrid.com\/?post_type=product&#038;p=7246"},"modified":"2026-03-13T10:27:01","modified_gmt":"2026-03-13T09:27:01","slug":"one-on-one-spanish-course","status":"publish","type":"product","link":"https:\/\/jaleomadrid.com\/es\/product\/one-on-one-spanish-course\/","title":{"rendered":"Curso de espa\u00f1ol individual"},"content":{"rendered":"","protected":false},"excerpt":{"rendered":"<p>Selecciona la modalidad y el paquete. El precio mostrado es el total del pack seleccionado.<\/p>","protected":false},"featured_media":7268,"template":"","meta":{"inline_featured_image":false},"product_brand":[],"product_cat":[20],"product_tag":[],"class_list":{"0":"post-7246","1":"product","2":"type-product","3":"status-publish","4":"has-post-thumbnail","6":"product_cat-sin-categorizar","8":"first","9":"instock","10":"sold-individually","11":"shipping-taxable","12":"purchasable","13":"product-type-variable"},"yoast_head":"<!-- This site is optimized with the Yoast SEO plugin v27.3 - https:\/\/yoast.com\/product\/yoast-seo-wordpress\/ -->\n<title>One-on-one Spanish Course - Jaleo Madrid Spanish School<\/title>\n<meta name=\"robots\" content=\"index, follow, max-snippet:-1, max-image-preview:large, max-video-preview:-1\" \/>\n<link rel=\"canonical\" href=\"https:\/\/jaleomadrid.com\/es\/private-spanish-lessons\/\" \/>\n<meta property=\"og:locale\" content=\"es_ES\" \/>\n<meta property=\"og:type\" content=\"article\" \/>\n<meta property=\"og:title\" content=\"One-on-one Spanish Course - Jaleo Madrid Spanish School\" \/>\n<meta property=\"og:description\" content=\"Select mode and pack. Price shown is the total for the selected bundle.\" \/>\n<meta property=\"og:url\" content=\"https:\/\/jaleomadrid.com\/es\/private-spanish-lessons\/\" \/>\n<meta property=\"og:site_name\" content=\"Jaleo Madrid Spanish School\" \/>\n<meta property=\"article:publisher\" content=\"https:\/\/www.facebook.com\/JaleoMad\" \/>\n<meta property=\"article:modified_time\" content=\"2026-03-13T09:27:01+00:00\" \/>\n<meta property=\"og:image\" content=\"https:\/\/jaleomadrid.com\/wp-content\/uploads\/2025\/11\/1-to-1-online-spanish-classes-in-madrid-qyepaocz0r0birangiuopq8gopngts74tycnbhfdkg.jpg\" \/>\n\t<meta property=\"og:image:width\" content=\"800\" \/>\n\t<meta property=\"og:image:height\" content=\"600\" \/>\n\t<meta property=\"og:image:type\" content=\"image\/jpeg\" \/>\n<meta name=\"twitter:card\" content=\"summary_large_image\" \/>\n<meta name=\"twitter:site\" content=\"@Jaleo_Madrid\" \/>\n<meta name=\"twitter:label1\" content=\"Tiempo de lectura\" \/>\n\t<meta name=\"twitter:data1\" content=\"1 minuto\" \/>\n<script type=\"application\/ld+json\" class=\"yoast-schema-graph\">{\"@context\":\"https:\\\/\\\/schema.org\",\"@graph\":[{\"@type\":\"WebPage\",\"@id\":\"https:\\\/\\\/jaleomadrid.com\\\/product\\\/one-on-one-spanish-course\\\/\",\"url\":\"https:\\\/\\\/jaleomadrid.com\\\/private-spanish-lessons\\\/\",\"name\":\"One-on-one Spanish Course - Jaleo Madrid Spanish School\",\"isPartOf\":{\"@id\":\"https:\\\/\\\/jaleomadrid.com\\\/#website\"},\"primaryImageOfPage\":{\"@id\":\"https:\\\/\\\/jaleomadrid.com\\\/private-spanish-lessons\\\/#primaryimage\"},\"image\":{\"@id\":\"https:\\\/\\\/jaleomadrid.com\\\/private-spanish-lessons\\\/#primaryimage\"},\"thumbnailUrl\":\"https:\\\/\\\/jaleomadrid.com\\\/wp-content\\\/uploads\\\/2025\\\/11\\\/1-to-1-online-spanish-classes-in-madrid-qyepaocz0r0birangiuopq8gopngts74tycnbhfdkg.jpg\",\"datePublished\":\"2025-11-19T13:32:20+00:00\",\"dateModified\":\"2026-03-13T09:27:01+00:00\",\"breadcrumb\":{\"@id\":\"https:\\\/\\\/jaleomadrid.com\\\/private-spanish-lessons\\\/#breadcrumb\"},\"inLanguage\":\"es\",\"potentialAction\":[{\"@type\":\"ReadAction\",\"target\":[\"https:\\\/\\\/jaleomadrid.com\\\/private-spanish-lessons\\\/\"]}]},{\"@type\":\"ImageObject\",\"inLanguage\":\"es\",\"@id\":\"https:\\\/\\\/jaleomadrid.com\\\/private-spanish-lessons\\\/#primaryimage\",\"url\":\"https:\\\/\\\/jaleomadrid.com\\\/wp-content\\\/uploads\\\/2025\\\/11\\\/1-to-1-online-spanish-classes-in-madrid-qyepaocz0r0birangiuopq8gopngts74tycnbhfdkg.jpg\",\"contentUrl\":\"https:\\\/\\\/jaleomadrid.com\\\/wp-content\\\/uploads\\\/2025\\\/11\\\/1-to-1-online-spanish-classes-in-madrid-qyepaocz0r0birangiuopq8gopngts74tycnbhfdkg.jpg\",\"width\":800,\"height\":600},{\"@type\":\"BreadcrumbList\",\"@id\":\"https:\\\/\\\/jaleomadrid.com\\\/private-spanish-lessons\\\/#breadcrumb\",\"itemListElement\":[{\"@type\":\"ListItem\",\"position\":1,\"name\":\"Home\",\"item\":\"https:\\\/\\\/jaleomadrid.com\\\/\"},{\"@type\":\"ListItem\",\"position\":2,\"name\":\"Shop\",\"item\":\"https:\\\/\\\/jaleomadrid.com\\\/shop\\\/\"},{\"@type\":\"ListItem\",\"position\":3,\"name\":\"One-on-one Spanish Course\"}]},{\"@type\":\"WebSite\",\"@id\":\"https:\\\/\\\/jaleomadrid.com\\\/#website\",\"url\":\"https:\\\/\\\/jaleomadrid.com\\\/\",\"name\":\"Jaleo Madrid Spanish School\",\"description\":\"A Spanish School Founded by Spanish Teachers\",\"publisher\":{\"@id\":\"https:\\\/\\\/jaleomadrid.com\\\/#organization\"},\"potentialAction\":[{\"@type\":\"SearchAction\",\"target\":{\"@type\":\"EntryPoint\",\"urlTemplate\":\"https:\\\/\\\/jaleomadrid.com\\\/?s={search_term_string}\"},\"query-input\":{\"@type\":\"PropertyValueSpecification\",\"valueRequired\":true,\"valueName\":\"search_term_string\"}}],\"inLanguage\":\"es\"},{\"@type\":\"Organization\",\"@id\":\"https:\\\/\\\/jaleomadrid.com\\\/#organization\",\"name\":\"Jaleo Madrid Spanish School\",\"url\":\"https:\\\/\\\/jaleomadrid.com\\\/\",\"logo\":{\"@type\":\"ImageObject\",\"inLanguage\":\"es\",\"@id\":\"https:\\\/\\\/jaleomadrid.com\\\/#\\\/schema\\\/logo\\\/image\\\/\",\"url\":\"https:\\\/\\\/jaleomadrid.com\\\/wp-content\\\/uploads\\\/2023\\\/03\\\/logotipo-jaleo-madrid-spanish-school-square.jpg\",\"contentUrl\":\"https:\\\/\\\/jaleomadrid.com\\\/wp-content\\\/uploads\\\/2023\\\/03\\\/logotipo-jaleo-madrid-spanish-school-square.jpg\",\"width\":1000,\"height\":1000,\"caption\":\"Jaleo Madrid Spanish School\"},\"image\":{\"@id\":\"https:\\\/\\\/jaleomadrid.com\\\/#\\\/schema\\\/logo\\\/image\\\/\"},\"sameAs\":[\"https:\\\/\\\/www.facebook.com\\\/JaleoMad\",\"https:\\\/\\\/x.com\\\/Jaleo_Madrid\",\"https:\\\/\\\/www.instagram.com\\\/jaleo_madrid\\\/\",\"https:\\\/\\\/www.youtube.com\\\/channel\\\/UC7eSC6efjfRPuuawyJv-1mA\"]}]}<\/script>\n<!-- \/ Yoast SEO plugin. -->","yoast_head_json":{"title":"One-on-one Spanish Course - Jaleo Madrid Spanish School","robots":{"index":"index","follow":"follow","max-snippet":"max-snippet:-1","max-image-preview":"max-image-preview:large","max-video-preview":"max-video-preview:-1"},"canonical":"https:\/\/jaleomadrid.com\/es\/private-spanish-lessons\/","og_locale":"es_ES","og_type":"article","og_title":"One-on-one Spanish Course - Jaleo Madrid Spanish School","og_description":"Select mode and pack. Price shown is the total for the selected bundle.","og_url":"https:\/\/jaleomadrid.com\/es\/private-spanish-lessons\/","og_site_name":"Jaleo Madrid Spanish School","article_publisher":"https:\/\/www.facebook.com\/JaleoMad","article_modified_time":"2026-03-13T09:27:01+00:00","og_image":[{"width":800,"height":600,"url":"https:\/\/jaleomadrid.com\/wp-content\/uploads\/2025\/11\/1-to-1-online-spanish-classes-in-madrid-qyepaocz0r0birangiuopq8gopngts74tycnbhfdkg.jpg","type":"image\/jpeg"}],"twitter_card":"summary_large_image","twitter_site":"@Jaleo_Madrid","twitter_misc":{"Tiempo de lectura":"1 minuto"},"schema":{"@context":"https:\/\/schema.org","@graph":[{"@type":"WebPage","@id":"https:\/\/jaleomadrid.com\/product\/one-on-one-spanish-course\/","url":"https:\/\/jaleomadrid.com\/private-spanish-lessons\/","name":"One-on-one Spanish Course - Jaleo Madrid Spanish School","isPartOf":{"@id":"https:\/\/jaleomadrid.com\/#website"},"primaryImageOfPage":{"@id":"https:\/\/jaleomadrid.com\/private-spanish-lessons\/#primaryimage"},"image":{"@id":"https:\/\/jaleomadrid.com\/private-spanish-lessons\/#primaryimage"},"thumbnailUrl":"https:\/\/jaleomadrid.com\/wp-content\/uploads\/2025\/11\/1-to-1-online-spanish-classes-in-madrid-qyepaocz0r0birangiuopq8gopngts74tycnbhfdkg.jpg","datePublished":"2025-11-19T13:32:20+00:00","dateModified":"2026-03-13T09:27:01+00:00","breadcrumb":{"@id":"https:\/\/jaleomadrid.com\/private-spanish-lessons\/#breadcrumb"},"inLanguage":"es","potentialAction":[{"@type":"ReadAction","target":["https:\/\/jaleomadrid.com\/private-spanish-lessons\/"]}]},{"@type":"ImageObject","inLanguage":"es","@id":"https:\/\/jaleomadrid.com\/private-spanish-lessons\/#primaryimage","url":"https:\/\/jaleomadrid.com\/wp-content\/uploads\/2025\/11\/1-to-1-online-spanish-classes-in-madrid-qyepaocz0r0birangiuopq8gopngts74tycnbhfdkg.jpg","contentUrl":"https:\/\/jaleomadrid.com\/wp-content\/uploads\/2025\/11\/1-to-1-online-spanish-classes-in-madrid-qyepaocz0r0birangiuopq8gopngts74tycnbhfdkg.jpg","width":800,"height":600},{"@type":"BreadcrumbList","@id":"https:\/\/jaleomadrid.com\/private-spanish-lessons\/#breadcrumb","itemListElement":[{"@type":"ListItem","position":1,"name":"Home","item":"https:\/\/jaleomadrid.com\/"},{"@type":"ListItem","position":2,"name":"Shop","item":"https:\/\/jaleomadrid.com\/shop\/"},{"@type":"ListItem","position":3,"name":"One-on-one Spanish Course"}]},{"@type":"WebSite","@id":"https:\/\/jaleomadrid.com\/#website","url":"https:\/\/jaleomadrid.com\/","name":"Jaleo Madrid Escuela de Espa\u00f1ol","description":"Una escuela de espa\u00f1ol fundada por profesores de espa\u00f1ol","publisher":{"@id":"https:\/\/jaleomadrid.com\/#organization"},"potentialAction":[{"@type":"SearchAction","target":{"@type":"EntryPoint","urlTemplate":"https:\/\/jaleomadrid.com\/?s={search_term_string}"},"query-input":{"@type":"PropertyValueSpecification","valueRequired":true,"valueName":"search_term_string"}}],"inLanguage":"es"},{"@type":"Organization","@id":"https:\/\/jaleomadrid.com\/#organization","name":"Jaleo Madrid Escuela de Espa\u00f1ol","url":"https:\/\/jaleomadrid.com\/","logo":{"@type":"ImageObject","inLanguage":"es","@id":"https:\/\/jaleomadrid.com\/#\/schema\/logo\/image\/","url":"https:\/\/jaleomadrid.com\/wp-content\/uploads\/2023\/03\/logotipo-jaleo-madrid-spanish-school-square.jpg","contentUrl":"https:\/\/jaleomadrid.com\/wp-content\/uploads\/2023\/03\/logotipo-jaleo-madrid-spanish-school-square.jpg","width":1000,"height":1000,"caption":"Jaleo Madrid Spanish School"},"image":{"@id":"https:\/\/jaleomadrid.com\/#\/schema\/logo\/image\/"},"sameAs":["https:\/\/www.facebook.com\/JaleoMad","https:\/\/x.com\/Jaleo_Madrid","https:\/\/www.instagram.com\/jaleo_madrid\/","https:\/\/www.youtube.com\/channel\/UC7eSC6efjfRPuuawyJv-1mA"]}]}},"_links":{"self":[{"href":"https:\/\/jaleomadrid.com\/es\/wp-json\/wp\/v2\/product\/7246","targetHints":{"allow":["GET"]}}],"collection":[{"href":"https:\/\/jaleomadrid.com\/es\/wp-json\/wp\/v2\/product"}],"about":[{"href":"https:\/\/jaleomadrid.com\/es\/wp-json\/wp\/v2\/types\/product"}],"wp:featuredmedia":[{"embeddable":true,"href":"https:\/\/jaleomadrid.com\/es\/wp-json\/wp\/v2\/media\/7268"}],"wp:attachment":[{"href":"https:\/\/jaleomadrid.com\/es\/wp-json\/wp\/v2\/media?parent=7246"}],"wp:term":[{"taxonomy":"product_brand","embeddable":true,"href":"https:\/\/jaleomadrid.com\/es\/wp-json\/wp\/v2\/product_brand?post=7246"},{"taxonomy":"product_cat","embeddable":true,"href":"https:\/\/jaleomadrid.com\/es\/wp-json\/wp\/v2\/product_cat?post=7246"},{"taxonomy":"product_tag","embeddable":true,"href":"https:\/\/jaleomadrid.com\/es\/wp-json\/wp\/v2\/product_tag?post=7246"}],"curies":[{"name":"wp","href":"https:\/\/api.w.org\/{rel}","templated":true}]}}