{"id":358,"date":"2022-07-27T15:16:21","date_gmt":"2022-07-27T13:16:21","guid":{"rendered":"https:\/\/jaleomadrid.com\/?page_id=358"},"modified":"2024-10-14T15:45:46","modified_gmt":"2024-10-14T13:45:46","slug":"contacto","status":"publish","type":"page","link":"https:\/\/jaleomadrid.com\/fr\/contacto\/","title":{"rendered":"Nous contacter"},"content":{"rendered":"<div data-elementor-type=\"wp-page\" data-elementor-id=\"358\" class=\"elementor elementor-358\" data-elementor-post-type=\"page\">\n\t\t\t\t<div class=\"elementor-element elementor-element-c4420c6 e-con-full e-flex e-con e-parent\" data-id=\"c4420c6\" data-element_type=\"container\" data-e-type=\"container\">\n\t\t\t\t<div class=\"elementor-element elementor-element-3f8b8c7 elementor-widget elementor-widget-google_maps\" data-id=\"3f8b8c7\" data-element_type=\"widget\" data-e-type=\"widget\" data-widget_type=\"google_maps.default\">\n\t\t\t\t<div class=\"elementor-widget-container\">\n\t\t\t\t\t\t\t<div class=\"elementor-custom-embed\">\n\t\t\t<iframe loading=\"lazy\"\n\t\t\t\t\tsrc=\"https:\/\/www.google.com\/maps\/embed\/v1\/place?key=AIzaSyDp06xC9AWOcEBhTpmyUa4lUEKRbjWhNpI&#038;q=Jaleo%20Madrid&#038;zoom=12\"\n\t\t\t\t\ttitle=\"Jaleo Madrid\"\n\t\t\t\t\taria-label=\"Jaleo Madrid\"\n\t\t\t><\/iframe>\n\t\t<\/div>\n\t\t\t\t\t\t<\/div>\n\t\t\t\t<\/div>\n\t\t\t\t<\/div>\n\t\t\t\t<section class=\"elementor-section elementor-top-section elementor-element elementor-element-4c0f56b4 elementor-section-boxed elementor-section-height-default elementor-section-height-default\" data-id=\"4c0f56b4\" data-element_type=\"section\" data-e-type=\"section\" id=\"map\" data-settings=\"{&quot;background_background&quot;:&quot;classic&quot;,&quot;background_motion_fx_motion_fx_mouse&quot;:&quot;yes&quot;,&quot;background_motion_fx_mouseTrack_effect&quot;:&quot;yes&quot;,&quot;background_motion_fx_mouseTrack_direction&quot;:&quot;negative&quot;,&quot;background_motion_fx_mouseTrack_speed&quot;:{&quot;unit&quot;:&quot;px&quot;,&quot;size&quot;:2.5,&quot;sizes&quot;:[]}}\">\n\t\t\t\t\t\t\t<div class=\"elementor-background-overlay\"><\/div>\n\t\t\t\t\t\t\t<div class=\"elementor-container elementor-column-gap-default\">\n\t\t\t\t\t<div class=\"elementor-column elementor-col-50 elementor-top-column elementor-element elementor-element-44086152\" data-id=\"44086152\" data-element_type=\"column\" data-e-type=\"column\">\n\t\t\t<div class=\"elementor-widget-wrap elementor-element-populated\">\n\t\t\t\t\t\t<div class=\"elementor-element elementor-element-23809aeb animated-slow elementor-widget__width-initial elementor-invisible elementor-widget elementor-widget-heading\" data-id=\"23809aeb\" data-element_type=\"widget\" data-e-type=\"widget\" data-settings=\"{&quot;_animation&quot;:&quot;bounceInDown&quot;}\" data-widget_type=\"heading.default\">\n\t\t\t\t<div class=\"elementor-widget-container\">\n\t\t\t\t\t<h1 class=\"elementor-heading-title elementor-size-default\">Contact\n \u00c9cole d'espagnol Jaleo Madrid<\/h1>\t\t\t\t<\/div>\n\t\t\t\t<\/div>\n\t\t\t\t<div class=\"elementor-element elementor-element-21492cd2 elementor-widget-divider--view-line elementor-widget elementor-widget-divider\" data-id=\"21492cd2\" data-element_type=\"widget\" data-e-type=\"widget\" data-widget_type=\"divider.default\">\n\t\t\t\t<div class=\"elementor-widget-container\">\n\t\t\t\t\t\t\t<div class=\"elementor-divider\">\n\t\t\t<span class=\"elementor-divider-separator\">\n\t\t\t\t\t\t<\/span>\n\t\t<\/div>\n\t\t\t\t\t\t<\/div>\n\t\t\t\t<\/div>\n\t\t\t\t<div class=\"elementor-element elementor-element-1c906c85 elementor-widget elementor-widget-heading\" data-id=\"1c906c85\" data-element_type=\"widget\" data-e-type=\"widget\" data-widget_type=\"heading.default\">\n\t\t\t\t<div class=\"elementor-widget-container\">\n\t\t\t\t\t<div class=\"elementor-heading-title elementor-size-default\">Pr\u00eat \u00e0 faire le premier pas dans l'apprentissage de l'espagnol ? Contactez-nous d\u00e8s aujourd'hui et d\u00e9couvrez notre gamme de cours de langues anim\u00e9s par des professeurs exp\u00e9riment\u00e9s.<\/div>\t\t\t\t<\/div>\n\t\t\t\t<\/div>\n\t\t\t\t<div class=\"elementor-element elementor-element-7bf5acb3 elementor-align-start elementor-mobile-align-start elementor-icon-list--layout-traditional elementor-list-item-link-full_width elementor-widget elementor-widget-icon-list\" data-id=\"7bf5acb3\" data-element_type=\"widget\" data-e-type=\"widget\" data-widget_type=\"icon-list.default\">\n\t\t\t\t<div class=\"elementor-widget-container\">\n\t\t\t\t\t\t\t<ul class=\"elementor-icon-list-items\">\n\t\t\t\t\t\t\t<li class=\"elementor-icon-list-item\">\n\t\t\t\t\t\t\t\t\t\t\t<span class=\"elementor-icon-list-icon\">\n\t\t\t\t\t\t\t<svg aria-hidden=\"true\" class=\"e-font-icon-svg e-fas-map-marker-alt\" viewbox=\"0 0 384 512\" xmlns=\"http:\/\/www.w3.org\/2000\/svg\"><path d=\"M172.268 501.67C26.97 291.031 0 269.413 0 192 0 85.961 85.961 0 192 0s192 85.961 192 192c0 77.413-26.97 99.031-172.268 309.67-9.535 13.774-29.93 13.773-39.464 0zM192 272c44.183 0 80-35.817 80-80s-35.817-80-80-80-80 35.817-80 80 35.817 80 80 80z\"><\/path><\/svg>\t\t\t\t\t\t<\/span>\n\t\t\t\t\t\t\t\t\t\t<span class=\"elementor-icon-list-text\">C\/M\u00e1rtires Concepcionistas, 12 | Madrid | Espagne<\/span>\n\t\t\t\t\t\t\t\t\t<\/li>\n\t\t\t\t\t\t\t\t<li class=\"elementor-icon-list-item\">\n\t\t\t\t\t\t\t\t\t\t\t<span class=\"elementor-icon-list-icon\">\n\t\t\t\t\t\t\t<svg aria-hidden=\"true\" class=\"e-font-icon-svg e-far-envelope\" viewbox=\"0 0 512 512\" xmlns=\"http:\/\/www.w3.org\/2000\/svg\"><path d=\"M464 64H48C21.49 64 0 85.49 0 112v288c0 26.51 21.49 48 48 48h416c26.51 0 48-21.49 48-48V112c0-26.51-21.49-48-48-48zm0 48v40.805c-22.422 18.259-58.168 46.651-134.587 106.49-16.841 13.247-50.201 45.072-73.413 44.701-23.208.375-56.579-31.459-73.413-44.701C106.18 199.465 70.425 171.067 48 152.805V112h416zM48 400V214.398c22.914 18.251 55.409 43.862 104.938 82.646 21.857 17.205 60.134 55.186 103.062 54.955 42.717.231 80.509-37.199 103.053-54.947 49.528-38.783 82.032-64.401 104.947-82.653V400H48z\"><\/path><\/svg>\t\t\t\t\t\t<\/span>\n\t\t\t\t\t\t\t\t\t\t<span class=\"elementor-icon-list-text\">info@jaleomadrid.com<\/span>\n\t\t\t\t\t\t\t\t\t<\/li>\n\t\t\t\t\t\t\t\t<li class=\"elementor-icon-list-item\">\n\t\t\t\t\t\t\t\t\t\t\t<span class=\"elementor-icon-list-icon\">\n\t\t\t\t\t\t\t<svg aria-hidden=\"true\" class=\"e-font-icon-svg e-fas-phone-alt\" viewbox=\"0 0 512 512\" xmlns=\"http:\/\/www.w3.org\/2000\/svg\"><path d=\"M497.39 361.8l-112-48a24 24 0 0 0-28 6.9l-49.6 60.6A370.66 370.66 0 0 1 130.6 204.11l60.6-49.6a23.94 23.94 0 0 0 6.9-28l-48-112A24.16 24.16 0 0 0 122.6.61l-104 24A24 24 0 0 0 0 48c0 256.5 207.9 464 464 464a24 24 0 0 0 23.4-18.6l24-104a24.29 24.29 0 0 0-14.01-27.6z\"><\/path><\/svg>\t\t\t\t\t\t<\/span>\n\t\t\t\t\t\t\t\t\t\t<span class=\"elementor-icon-list-text\">(+34) 623 18 72 08<\/span>\n\t\t\t\t\t\t\t\t\t<\/li>\n\t\t\t\t\t\t\t\t<li class=\"elementor-icon-list-item\">\n\t\t\t\t\t\t\t\t\t\t\t<a href=\"https:\/\/api.whatsapp.com\/send\/?phone=34623187208\" target=\"_blank\">\n\n\t\t\t\t\t\t\t\t\t\t\t\t<span class=\"elementor-icon-list-icon\">\n\t\t\t\t\t\t\t<svg aria-hidden=\"true\" class=\"e-font-icon-svg e-fab-whatsapp\" viewbox=\"0 0 448 512\" xmlns=\"http:\/\/www.w3.org\/2000\/svg\"><path d=\"M380.9 97.1C339 55.1 283.2 32 223.9 32c-122.4 0-222 99.6-222 222 0 39.1 10.2 77.3 29.6 111L0 480l117.7-30.9c32.4 17.7 68.9 27 106.1 27h.1c122.3 0 224.1-99.6 224.1-222 0-59.3-25.2-115-67.1-157zm-157 341.6c-33.2 0-65.7-8.9-94-25.7l-6.7-4-69.8 18.3L72 359.2l-4.4-7c-18.5-29.4-28.2-63.3-28.2-98.2 0-101.7 82.8-184.5 184.6-184.5 49.3 0 95.6 19.2 130.4 54.1 34.8 34.9 56.2 81.2 56.1 130.5 0 101.8-84.9 184.6-186.6 184.6zm101.2-138.2c-5.5-2.8-32.8-16.2-37.9-18-5.1-1.9-8.8-2.8-12.5 2.8-3.7 5.6-14.3 18-17.6 21.8-3.2 3.7-6.5 4.2-12 1.4-32.6-16.3-54-29.1-75.5-66-5.7-9.8 5.7-9.1 16.3-30.3 1.8-3.7.9-6.9-.5-9.7-1.4-2.8-12.5-30.1-17.1-41.2-4.5-10.8-9.1-9.3-12.5-9.5-3.2-.2-6.9-.2-10.6-.2-3.7 0-9.7 1.4-14.8 6.9-5.1 5.6-19.4 19-19.4 46.3 0 27.3 19.9 53.7 22.6 57.4 2.8 3.7 39.1 59.7 94.8 83.8 35.2 15.2 49 16.5 66.6 13.9 10.7-1.6 32.8-13.4 37.4-26.4 4.6-13 4.6-24.1 3.2-26.4-1.3-2.5-5-3.9-10.5-6.6z\"><\/path><\/svg>\t\t\t\t\t\t<\/span>\n\t\t\t\t\t\t\t\t\t\t<span class=\"elementor-icon-list-text\">(+34) 623 18 72 08<\/span>\n\t\t\t\t\t\t\t\t\t\t\t<\/a>\n\t\t\t\t\t\t\t\t\t<\/li>\n\t\t\t\t\t\t<\/ul>\n\t\t\t\t\t\t<\/div>\n\t\t\t\t<\/div>\n\t\t\t\t\t<\/div>\n\t\t<\/div>\n\t\t\t\t<div class=\"elementor-column elementor-col-50 elementor-top-column elementor-element elementor-element-234389a7\" data-id=\"234389a7\" data-element_type=\"column\" data-e-type=\"column\">\n\t\t\t<div class=\"elementor-widget-wrap elementor-element-populated\">\n\t\t\t\t\t\t<div class=\"elementor-element elementor-element-171658ad elementor-widget elementor-widget-qi_addons_for_elementor_image_gallery_masonry\" data-id=\"171658ad\" data-element_type=\"widget\" data-e-type=\"widget\" data-widget_type=\"qi_addons_for_elementor_image_gallery_masonry.default\">\n\t\t\t\t<div class=\"elementor-widget-container\">\n\t\t\t\t\t<div class=\"qodef-shortcode qodef-m qodef-qi-image-gallery-masonry qodef-qi-grid qodef-layout--qi-masonry qodef-items--fixed qodef-col-num--1 qodef-responsive--predefined\">\n\t<div class=\"qodef-grid-inner\">\n\t\t\t<div class=\"qodef-qi-grid-masonry-sizer\"><\/div>\n<div class=\"qodef-e qodef-image-wrapper qodef-grid-item qodef-item--\">\n\t<div class=\"qodef-e-inner\">\n\t\t\t\t\t<img fetchpriority=\"high\" decoding=\"async\" width=\"1600\" height=\"1200\" src=\"https:\/\/jaleomadrid.com\/wp-content\/uploads\/2023\/09\/alumnos-de-jaleo-spanish-school-en-madrid.jpeg\" class=\"attachment- size-\" alt=\"Anciens \u00e9l\u00e8ves de l&#039;\u00e9cole espagnole Jaleo \u00e0 Madrid\" srcset=\"https:\/\/jaleomadrid.com\/wp-content\/uploads\/2023\/09\/alumnos-de-jaleo-spanish-school-en-madrid.jpeg 1600w, https:\/\/jaleomadrid.com\/wp-content\/uploads\/2023\/09\/alumnos-de-jaleo-spanish-school-en-madrid-300x225.jpeg 300w, https:\/\/jaleomadrid.com\/wp-content\/uploads\/2023\/09\/alumnos-de-jaleo-spanish-school-en-madrid-1024x768.jpeg 1024w\" sizes=\"(max-width: 1600px) 100vw, 1600px\" \/>\t\t\t<\/div>\n<\/div>\n\t<\/div>\n<\/div>\n\t\t\t\t<\/div>\n\t\t\t\t<\/div>\n\t\t\t\t\t<\/div>\n\t\t<\/div>\n\t\t\t\t\t<\/div>\n\t\t<\/section>\n\t\t\t\t<\/div>","protected":false},"excerpt":{"rendered":"<p>Pr\u00eat \u00e0 faire le premier pas dans l'apprentissage de l'espagnol ? Contactez l'\u00e9cole d'espagnol Jaleo Madrid d\u00e8s aujourd'hui et d\u00e9couvrez notre gamme de cours de langues anim\u00e9s par des professeurs exp\u00e9riment\u00e9s.<\/p>","protected":false},"author":1,"featured_media":4297,"parent":0,"menu_order":0,"comment_status":"closed","ping_status":"closed","template":"elementor_header_footer","meta":{"inline_featured_image":false,"footnotes":""},"class_list":["post-358","page","type-page","status-publish","has-post-thumbnail","hentry"],"yoast_head":"<!-- This site is optimized with the Yoast SEO plugin v27.5 - https:\/\/yoast.com\/product\/yoast-seo-wordpress\/ -->\n<title>Get in Touch with Jaleo Madrid Spanish School: Contact Us Here<\/title>\n<meta name=\"description\" content=\"Ready to take the first step in learning Spanish? Contact Jaleo Madrid Spanish School today and explore our range of language courses\" \/>\n<meta name=\"robots\" content=\"index, follow, max-snippet:-1, max-image-preview:large, max-video-preview:-1\" \/>\n<link rel=\"canonical\" href=\"https:\/\/jaleomadrid.com\/fr\/contacto\/\" \/>\n<meta property=\"og:locale\" content=\"fr_FR\" \/>\n<meta property=\"og:type\" content=\"article\" \/>\n<meta property=\"og:title\" content=\"Get in Touch with Jaleo Madrid Spanish School | Contact Us Today!\" \/>\n<meta property=\"og:description\" content=\"Ready to take the first step in learning Spanish? Contact Jaleo Madrid Spanish School today and explore our range of language courses led by experienced instructors.\" \/>\n<meta property=\"og:url\" content=\"https:\/\/jaleomadrid.com\/fr\/contacto\/\" \/>\n<meta property=\"og:site_name\" content=\"Jaleo Madrid Spanish School\" \/>\n<meta property=\"article:publisher\" content=\"https:\/\/www.facebook.com\/JaleoMad\" \/>\n<meta property=\"article:modified_time\" content=\"2024-10-14T13:45:46+00:00\" \/>\n<meta property=\"og:image\" content=\"https:\/\/jaleomadrid.com\/wp-content\/uploads\/2023\/07\/contact-jaleo-madrid-spanish-school-today.jpg\" \/>\n\t<meta property=\"og:image:width\" content=\"926\" \/>\n\t<meta property=\"og:image:height\" content=\"695\" \/>\n\t<meta property=\"og:image:type\" content=\"image\/jpeg\" \/>\n<meta name=\"twitter:card\" content=\"summary_large_image\" \/>\n<meta name=\"twitter:title\" content=\"Get in Touch with Jaleo Madrid Spanish School | Contact Us Today!\" \/>\n<meta name=\"twitter:description\" content=\"Ready to take the first step in learning Spanish? Contact Jaleo Madrid Spanish School today and explore our range of language courses led by experienced instructors.\" \/>\n<meta name=\"twitter:image\" content=\"https:\/\/jaleomadrid.com\/wp-content\/uploads\/2023\/07\/contact-jaleo-madrid-spanish-school-today.jpg\" \/>\n<meta name=\"twitter:site\" content=\"@Jaleo_Madrid\" \/>\n<meta name=\"twitter:label1\" content=\"Dur\u00e9e de lecture estim\u00e9e\" \/>\n\t<meta name=\"twitter:data1\" content=\"1 minute\" \/>\n<script type=\"application\/ld+json\" class=\"yoast-schema-graph\">{\"@context\":\"https:\\\/\\\/schema.org\",\"@graph\":[{\"@type\":\"WebPage\",\"@id\":\"https:\\\/\\\/jaleomadrid.com\\\/contacto\\\/\",\"url\":\"https:\\\/\\\/jaleomadrid.com\\\/contacto\\\/\",\"name\":\"Get in Touch with Jaleo Madrid Spanish School: Contact Us Here\",\"isPartOf\":{\"@id\":\"https:\\\/\\\/jaleomadrid.com\\\/#website\"},\"primaryImageOfPage\":{\"@id\":\"https:\\\/\\\/jaleomadrid.com\\\/contacto\\\/#primaryimage\"},\"image\":{\"@id\":\"https:\\\/\\\/jaleomadrid.com\\\/contacto\\\/#primaryimage\"},\"thumbnailUrl\":\"https:\\\/\\\/jaleomadrid.com\\\/wp-content\\\/uploads\\\/2023\\\/07\\\/contact-jaleo-madrid-spanish-school-today.jpg\",\"datePublished\":\"2022-07-27T13:16:21+00:00\",\"dateModified\":\"2024-10-14T13:45:46+00:00\",\"description\":\"Ready to take the first step in learning Spanish? Contact Jaleo Madrid Spanish School today and explore our range of language courses\",\"breadcrumb\":{\"@id\":\"https:\\\/\\\/jaleomadrid.com\\\/contacto\\\/#breadcrumb\"},\"inLanguage\":\"fr-FR\",\"potentialAction\":[{\"@type\":\"ReadAction\",\"target\":[\"https:\\\/\\\/jaleomadrid.com\\\/contacto\\\/\"]}]},{\"@type\":\"ImageObject\",\"inLanguage\":\"fr-FR\",\"@id\":\"https:\\\/\\\/jaleomadrid.com\\\/contacto\\\/#primaryimage\",\"url\":\"https:\\\/\\\/jaleomadrid.com\\\/wp-content\\\/uploads\\\/2023\\\/07\\\/contact-jaleo-madrid-spanish-school-today.jpg\",\"contentUrl\":\"https:\\\/\\\/jaleomadrid.com\\\/wp-content\\\/uploads\\\/2023\\\/07\\\/contact-jaleo-madrid-spanish-school-today.jpg\",\"width\":926,\"height\":695,\"caption\":\"Contact Jaleo Madrid Spanish School Today\"},{\"@type\":\"BreadcrumbList\",\"@id\":\"https:\\\/\\\/jaleomadrid.com\\\/contacto\\\/#breadcrumb\",\"itemListElement\":[{\"@type\":\"ListItem\",\"position\":1,\"name\":\"Home\",\"item\":\"https:\\\/\\\/jaleomadrid.com\\\/\"},{\"@type\":\"ListItem\",\"position\":2,\"name\":\"Contact Us\"}]},{\"@type\":\"WebSite\",\"@id\":\"https:\\\/\\\/jaleomadrid.com\\\/#website\",\"url\":\"https:\\\/\\\/jaleomadrid.com\\\/\",\"name\":\"Jaleo Madrid Spanish School\",\"description\":\"A Spanish School Founded by Spanish Teachers\",\"publisher\":{\"@id\":\"https:\\\/\\\/jaleomadrid.com\\\/#organization\"},\"potentialAction\":[{\"@type\":\"SearchAction\",\"target\":{\"@type\":\"EntryPoint\",\"urlTemplate\":\"https:\\\/\\\/jaleomadrid.com\\\/?s={search_term_string}\"},\"query-input\":{\"@type\":\"PropertyValueSpecification\",\"valueRequired\":true,\"valueName\":\"search_term_string\"}}],\"inLanguage\":\"fr-FR\"},{\"@type\":\"Organization\",\"@id\":\"https:\\\/\\\/jaleomadrid.com\\\/#organization\",\"name\":\"Jaleo Madrid Spanish School\",\"url\":\"https:\\\/\\\/jaleomadrid.com\\\/\",\"logo\":{\"@type\":\"ImageObject\",\"inLanguage\":\"fr-FR\",\"@id\":\"https:\\\/\\\/jaleomadrid.com\\\/#\\\/schema\\\/logo\\\/image\\\/\",\"url\":\"https:\\\/\\\/jaleomadrid.com\\\/wp-content\\\/uploads\\\/2023\\\/03\\\/logotipo-jaleo-madrid-spanish-school-square.jpg\",\"contentUrl\":\"https:\\\/\\\/jaleomadrid.com\\\/wp-content\\\/uploads\\\/2023\\\/03\\\/logotipo-jaleo-madrid-spanish-school-square.jpg\",\"width\":1000,\"height\":1000,\"caption\":\"Jaleo Madrid Spanish School\"},\"image\":{\"@id\":\"https:\\\/\\\/jaleomadrid.com\\\/#\\\/schema\\\/logo\\\/image\\\/\"},\"sameAs\":[\"https:\\\/\\\/www.facebook.com\\\/JaleoMad\",\"https:\\\/\\\/x.com\\\/Jaleo_Madrid\",\"https:\\\/\\\/www.instagram.com\\\/jaleo_madrid\\\/\",\"https:\\\/\\\/www.youtube.com\\\/channel\\\/UC7eSC6efjfRPuuawyJv-1mA\"]}]}<\/script>\n<!-- \/ Yoast SEO plugin. -->","yoast_head_json":{"title":"Contactez l'\u00e9cole d'espagnol Jaleo Madrid : Contactez-nous ici","description":"Pr\u00eat \u00e0 faire le premier pas dans l'apprentissage de l'espagnol ? Contactez l'\u00e9cole d'espagnol Jaleo Madrid d\u00e8s aujourd'hui et d\u00e9couvrez notre gamme de cours de langues.","robots":{"index":"index","follow":"follow","max-snippet":"max-snippet:-1","max-image-preview":"max-image-preview:large","max-video-preview":"max-video-preview:-1"},"canonical":"https:\/\/jaleomadrid.com\/fr\/contacto\/","og_locale":"fr_FR","og_type":"article","og_title":"Get in Touch with Jaleo Madrid Spanish School | Contact Us Today!","og_description":"Ready to take the first step in learning Spanish? Contact Jaleo Madrid Spanish School today and explore our range of language courses led by experienced instructors.","og_url":"https:\/\/jaleomadrid.com\/fr\/contacto\/","og_site_name":"Jaleo Madrid Spanish School","article_publisher":"https:\/\/www.facebook.com\/JaleoMad","article_modified_time":"2024-10-14T13:45:46+00:00","og_image":[{"width":926,"height":695,"url":"https:\/\/jaleomadrid.com\/wp-content\/uploads\/2023\/07\/contact-jaleo-madrid-spanish-school-today.jpg","type":"image\/jpeg"}],"twitter_card":"summary_large_image","twitter_title":"Get in Touch with Jaleo Madrid Spanish School | Contact Us Today!","twitter_description":"Ready to take the first step in learning Spanish? Contact Jaleo Madrid Spanish School today and explore our range of language courses led by experienced instructors.","twitter_image":"https:\/\/jaleomadrid.com\/wp-content\/uploads\/2023\/07\/contact-jaleo-madrid-spanish-school-today.jpg","twitter_site":"@Jaleo_Madrid","twitter_misc":{"Dur\u00e9e de lecture estim\u00e9e":"1 minute"},"schema":{"@context":"https:\/\/schema.org","@graph":[{"@type":"WebPage","@id":"https:\/\/jaleomadrid.com\/contacto\/","url":"https:\/\/jaleomadrid.com\/contacto\/","name":"Contactez l'\u00e9cole d'espagnol Jaleo Madrid : Contactez-nous ici","isPartOf":{"@id":"https:\/\/jaleomadrid.com\/#website"},"primaryImageOfPage":{"@id":"https:\/\/jaleomadrid.com\/contacto\/#primaryimage"},"image":{"@id":"https:\/\/jaleomadrid.com\/contacto\/#primaryimage"},"thumbnailUrl":"https:\/\/jaleomadrid.com\/wp-content\/uploads\/2023\/07\/contact-jaleo-madrid-spanish-school-today.jpg","datePublished":"2022-07-27T13:16:21+00:00","dateModified":"2024-10-14T13:45:46+00:00","description":"Pr\u00eat \u00e0 faire le premier pas dans l'apprentissage de l'espagnol ? Contactez l'\u00e9cole d'espagnol Jaleo Madrid d\u00e8s aujourd'hui et d\u00e9couvrez notre gamme de cours de langues.","breadcrumb":{"@id":"https:\/\/jaleomadrid.com\/contacto\/#breadcrumb"},"inLanguage":"fr-FR","potentialAction":[{"@type":"ReadAction","target":["https:\/\/jaleomadrid.com\/contacto\/"]}]},{"@type":"ImageObject","inLanguage":"fr-FR","@id":"https:\/\/jaleomadrid.com\/contacto\/#primaryimage","url":"https:\/\/jaleomadrid.com\/wp-content\/uploads\/2023\/07\/contact-jaleo-madrid-spanish-school-today.jpg","contentUrl":"https:\/\/jaleomadrid.com\/wp-content\/uploads\/2023\/07\/contact-jaleo-madrid-spanish-school-today.jpg","width":926,"height":695,"caption":"Contact Jaleo Madrid Spanish School Today"},{"@type":"BreadcrumbList","@id":"https:\/\/jaleomadrid.com\/contacto\/#breadcrumb","itemListElement":[{"@type":"ListItem","position":1,"name":"Home","item":"https:\/\/jaleomadrid.com\/"},{"@type":"ListItem","position":2,"name":"Contact Us"}]},{"@type":"WebSite","@id":"https:\/\/jaleomadrid.com\/#website","url":"https:\/\/jaleomadrid.com\/","name":"\u00c9cole d'espagnol Jaleo Madrid","description":"Une \u00e9cole d'espagnol fond\u00e9e par des professeurs d'espagnol","publisher":{"@id":"https:\/\/jaleomadrid.com\/#organization"},"potentialAction":[{"@type":"SearchAction","target":{"@type":"EntryPoint","urlTemplate":"https:\/\/jaleomadrid.com\/?s={search_term_string}"},"query-input":{"@type":"PropertyValueSpecification","valueRequired":true,"valueName":"search_term_string"}}],"inLanguage":"fr-FR"},{"@type":"Organization","@id":"https:\/\/jaleomadrid.com\/#organization","name":"\u00c9cole d'espagnol Jaleo Madrid","url":"https:\/\/jaleomadrid.com\/","logo":{"@type":"ImageObject","inLanguage":"fr-FR","@id":"https:\/\/jaleomadrid.com\/#\/schema\/logo\/image\/","url":"https:\/\/jaleomadrid.com\/wp-content\/uploads\/2023\/03\/logotipo-jaleo-madrid-spanish-school-square.jpg","contentUrl":"https:\/\/jaleomadrid.com\/wp-content\/uploads\/2023\/03\/logotipo-jaleo-madrid-spanish-school-square.jpg","width":1000,"height":1000,"caption":"Jaleo Madrid Spanish School"},"image":{"@id":"https:\/\/jaleomadrid.com\/#\/schema\/logo\/image\/"},"sameAs":["https:\/\/www.facebook.com\/JaleoMad","https:\/\/x.com\/Jaleo_Madrid","https:\/\/www.instagram.com\/jaleo_madrid\/","https:\/\/www.youtube.com\/channel\/UC7eSC6efjfRPuuawyJv-1mA"]}]}},"_links":{"self":[{"href":"https:\/\/jaleomadrid.com\/fr\/wp-json\/wp\/v2\/pages\/358","targetHints":{"allow":["GET"]}}],"collection":[{"href":"https:\/\/jaleomadrid.com\/fr\/wp-json\/wp\/v2\/pages"}],"about":[{"href":"https:\/\/jaleomadrid.com\/fr\/wp-json\/wp\/v2\/types\/page"}],"author":[{"embeddable":true,"href":"https:\/\/jaleomadrid.com\/fr\/wp-json\/wp\/v2\/users\/1"}],"replies":[{"embeddable":true,"href":"https:\/\/jaleomadrid.com\/fr\/wp-json\/wp\/v2\/comments?post=358"}],"version-history":[{"count":0,"href":"https:\/\/jaleomadrid.com\/fr\/wp-json\/wp\/v2\/pages\/358\/revisions"}],"wp:featuredmedia":[{"embeddable":true,"href":"https:\/\/jaleomadrid.com\/fr\/wp-json\/wp\/v2\/media\/4297"}],"wp:attachment":[{"href":"https:\/\/jaleomadrid.com\/fr\/wp-json\/wp\/v2\/media?parent=358"}],"curies":[{"name":"wp","href":"https:\/\/api.w.org\/{rel}","templated":true}]}}